{"id":43854,"date":"2026-04-13T17:18:21","date_gmt":"2026-04-13T15:18:21","guid":{"rendered":"https:\/\/vilanova-fit.com\/?page_id=43854"},"modified":"2026-04-14T12:07:14","modified_gmt":"2026-04-14T10:07:14","slug":"clases","status":"publish","type":"page","link":"https:\/\/vilanova-fit.com\/ca\/clases\/","title":{"rendered":"Clases"},"content":{"rendered":"<div data-elementor-type=\"wp-page\" data-elementor-id=\"43854\" class=\"elementor elementor-43854\">\n\t\t\t\t\t\t<section class=\"elementor-section-with-custom-width elementor-section elementor-top-section elementor-element elementor-element-4f16b4b elementor-section-boxed elementor-section-height-default elementor-section-height-default sc_fly_static\" data-id=\"4f16b4b\" data-element_type=\"section\" data-e-type=\"section\">\n\t\t\t\t\t\t<div class=\"elementor-container elementor-column-gap-extended\">\n\t\t\t\t\t<div class=\"elementor-column elementor-col-100 elementor-top-column elementor-element elementor-element-792b9f6 sc_content_align_inherit sc_layouts_column_icons_position_left sc_fly_static\" data-id=\"792b9f6\" data-element_type=\"column\" data-e-type=\"column\">\n\t\t\t<div class=\"elementor-widget-wrap elementor-element-populated\">\n\t\t\t\t\t\t<div class=\"elementor-element elementor-element-a2442cb sc_height_medium sc_fly_static elementor-widget elementor-widget-spacer\" data-id=\"a2442cb\" data-element_type=\"widget\" data-e-type=\"widget\" data-widget_type=\"spacer.default\">\n\t\t\t\t<div class=\"elementor-widget-container\">\n\t\t\t\t\t\t\t<div class=\"elementor-spacer\">\n\t\t\t<div class=\"elementor-spacer-inner\"><\/div>\n\t\t<\/div>\n\t\t\t\t\t\t<\/div>\n\t\t\t\t<\/div>\n\t\t\t\t<div class=\"elementor-element elementor-element-a958e14 sc_fly_static elementor-widget elementor-widget-trx_sc_title\" data-id=\"a958e14\" data-element_type=\"widget\" data-e-type=\"widget\" data-widget_type=\"trx_sc_title.default\">\n\t\t\t\t<div class=\"elementor-widget-container\">\n\t\t\t\t\t<div\t\tclass=\"sc_title sc_title_default\" ><span class=\"sc_item_subtitle sc_title_subtitle sc_align_center sc_item_subtitle_above sc_item_title_style_default\">NUESTRAS CLASES<\/span><h1 class=\"sc_item_title sc_title_title sc_align_center sc_item_title_style_default sc_item_title_tag sc_typed\"\n\t\t\t><span class=\"sc_item_title_text\">Entrena a tu ritmo. <br><span class=\"gradient_anim\">Evoluciona a lo grande. <\/span><\/span><\/h1><div class=\"sc_item_descr sc_title_descr sc_align_center\"><p>En Vilanova Fit encontrar\u00e1s clases pensadas para ayudarte a mejorar, ganar constancia y disfrutar del proceso. Sea cual sea tu nivel, aqu\u00ed hay una forma de entrenar para ti.<\/p>\n<\/div><\/div>\t\t\t\t<\/div>\n\t\t\t\t<\/div>\n\t\t\t\t\t<\/div>\n\t\t<\/div>\n\t\t\t\t\t<\/div>\n\t\t<\/section>\n\t\t\t\t<section class=\"elementor-section elementor-top-section elementor-element elementor-element-19445b32 elementor-section-boxed elementor-section-height-default elementor-section-height-default sc_fly_static\" data-id=\"19445b32\" data-element_type=\"section\" data-e-type=\"section\">\n\t\t\t\t\t\t<div class=\"elementor-container elementor-column-gap-extended\">\n\t\t\t\t\t<div class=\"elementor-column elementor-col-100 elementor-top-column elementor-element elementor-element-6a28a456 sc_content_align_inherit sc_layouts_column_icons_position_left sc_fly_static\" data-id=\"6a28a456\" data-element_type=\"column\" data-e-type=\"column\">\n\t\t\t<div class=\"elementor-widget-wrap elementor-element-populated\">\n\t\t\t\t\t\t<div class=\"elementor-element elementor-element-e399f8d sc_height_small sc_fly_static elementor-widget elementor-widget-spacer\" data-id=\"e399f8d\" data-element_type=\"widget\" data-e-type=\"widget\" data-widget_type=\"spacer.default\">\n\t\t\t\t<div class=\"elementor-widget-container\">\n\t\t\t\t\t\t\t<div class=\"elementor-spacer\">\n\t\t\t<div class=\"elementor-spacer-inner\"><\/div>\n\t\t<\/div>\n\t\t\t\t\t\t<\/div>\n\t\t\t\t<\/div>\n\t\t\t\t<div class=\"elementor-element elementor-element-7882f69f sc_fly_static elementor-widget elementor-widget-trx_sc_icons\" data-id=\"7882f69f\" data-element_type=\"widget\" data-e-type=\"widget\" data-widget_type=\"trx_sc_icons.default\">\n\t\t\t\t<div class=\"elementor-widget-container\">\n\t\t\t\t\t<div \tclass=\"sc_icons sc_icons_card sc_icons_size_medium sc_align_center\" ><div class=\"sc_icons_columns_wrap sc_item_columns trx_addons_columns_wrap columns_padding_bottom columns_in_single_row\" ><div class=\"trx_addons_column-1_3 trx_addons_column-1_3-tablet trx_addons_column-1_1-mobile\"><div class=\"sc_icons_item with_more\"><div class=\"sc_icons_icon sc_icon_type_ icon-noun-running\" ><span class=\"sc_icon_type_ icon-noun-running\"><\/span><\/div><div class=\"sc_icons_item_details\"><h4 class=\"sc_icons_item_title\"><span>Clases para todos los niveles<\/span><\/h4><div class=\"sc_icons_item_description\"><span>Empieza desde cero o da un paso m\u00e1s en tu entrenamiento con sesiones adaptadas a ti.<\/span><\/div><\/div><\/div><\/div><div class=\"trx_addons_column-1_3 trx_addons_column-1_3-tablet trx_addons_column-1_1-mobile\"><div class=\"sc_icons_item with_more\"><div class=\"sc_icons_icon sc_icon_type_ icon-noun-juice\" ><span class=\"sc_icon_type_ icon-noun-juice\"><\/span><\/div><div class=\"sc_icons_item_details\"><h4 class=\"sc_icons_item_title\"><span>Motivaci\u00f3n que se contagia<\/span><\/h4><div class=\"sc_icons_item_description\"><span>Entrena en un ambiente cercano, din\u00e1mico y con la energ\u00eda que necesitas para no rendirte.<\/span><\/div><\/div><\/div><\/div><div class=\"trx_addons_column-1_3 trx_addons_column-1_3-tablet trx_addons_column-1_1-mobile\"><div class=\"sc_icons_item with_more\"><div class=\"sc_icons_icon sc_icon_type_ icon-noun-heart\" ><span class=\"sc_icon_type_ icon-noun-heart\"><\/span><\/div><div class=\"sc_icons_item_details\"><h4 class=\"sc_icons_item_title\"><span>Resultados que se notan<\/span><\/h4><div class=\"sc_icons_item_description\"><span>M\u00e1s fuerza, m\u00e1s resistencia, m\u00e1s confianza. Aqu\u00ed vienes a entrenar, pero sales ganando mucho m\u00e1s.<\/span><\/div><\/div><\/div><\/div><\/div><\/div><!-- \/.sc_icons -->\t\t\t\t<\/div>\n\t\t\t\t<\/div>\n\t\t\t\t<div class=\"elementor-element elementor-element-66a7ee9 sc_height_small sc_fly_static elementor-widget elementor-widget-spacer\" data-id=\"66a7ee9\" data-element_type=\"widget\" data-e-type=\"widget\" data-widget_type=\"spacer.default\">\n\t\t\t\t<div class=\"elementor-widget-container\">\n\t\t\t\t\t\t\t<div class=\"elementor-spacer\">\n\t\t\t<div class=\"elementor-spacer-inner\"><\/div>\n\t\t<\/div>\n\t\t\t\t\t\t<\/div>\n\t\t\t\t<\/div>\n\t\t\t\t\t<\/div>\n\t\t<\/div>\n\t\t\t\t\t<\/div>\n\t\t<\/section>\n\t\t\t\t<section class=\"elementor-section elementor-top-section elementor-element elementor-element-bd3c820 elementor-section-full_width elementor-section-height-default elementor-section-height-default sc_fly_static\" data-id=\"bd3c820\" data-element_type=\"section\" data-e-type=\"section\">\n\t\t\t\t\t\t<div class=\"elementor-container elementor-column-gap-extended\">\n\t\t\t\t\t<div class=\"elementor-column elementor-col-100 elementor-top-column elementor-element elementor-element-1a7b6a1 sc_content_align_inherit sc_layouts_column_icons_position_left sc_fly_static\" data-id=\"1a7b6a1\" data-element_type=\"column\" data-e-type=\"column\">\n\t\t\t<div class=\"elementor-widget-wrap elementor-element-populated\">\n\t\t\t\t\t\t<div class=\"elementor-element elementor-element-c019d99 sc_fly_static elementor-widget elementor-widget-trx_sc_title\" data-id=\"c019d99\" data-element_type=\"widget\" data-e-type=\"widget\" data-widget_type=\"trx_sc_title.default\">\n\t\t\t\t<div class=\"elementor-widget-container\">\n\t\t\t\t\t<div\t\tclass=\"sc_title sc_title_default\" ><h1 class=\"sc_item_title sc_title_title sc_align_center sc_item_title_style_default sc_item_title_tag sc_typed\"\n\t\t\t><span class=\"sc_item_title_text\">Nuestras clases. <\/span><\/h1><\/div>\t\t\t\t<\/div>\n\t\t\t\t<\/div>\n\t\t\t\t<div class=\"elementor-element elementor-element-494ee8b sc_height_small sc_fly_static elementor-widget elementor-widget-spacer\" data-id=\"494ee8b\" data-element_type=\"widget\" data-e-type=\"widget\" data-widget_type=\"spacer.default\">\n\t\t\t\t<div class=\"elementor-widget-container\">\n\t\t\t\t\t\t\t<div class=\"elementor-spacer\">\n\t\t\t<div class=\"elementor-spacer-inner\"><\/div>\n\t\t<\/div>\n\t\t\t\t\t\t<\/div>\n\t\t\t\t<\/div>\n\t\t\t\t<div class=\"elementor-element elementor-element-e999e6b sc_fly_static elementor-widget elementor-widget-trx_sc_services\" data-id=\"e999e6b\" data-element_type=\"widget\" data-e-type=\"widget\" data-widget_type=\"trx_sc_services.default\">\n\t\t\t\t<div class=\"elementor-widget-container\">\n\t\t\t\t\t<div class=\"sc_services sc_services_strong sc_services_featured_top\"><div class=\"sc_services_columns_wrap sc_item_columns sc_item_posts_container sc_item_columns_3 trx_addons_columns_wrap no_margin\"><div class=\"trx_addons_column-1_3 trx_addons_column-1_2-tablet\"><div data-post-id=\"43659\" class=\"sc_services_item sc_item_container post_container with_content with_more with_image with_number post-43659 cpt_services type-cpt_services status-publish has-post-thumbnail hentry cpt_services_group-outdoor\">\r\n\t\t<div class=\"sc_services_item_content\" style=\"background-image: url(https:\/\/vilanova-fit.com\/wp-content\/uploads\/2026\/02\/three-sporty-females-warming-up-lawn-summer-park-840x560.jpg);\">\r\n\t\t\t\t<div class=\"sc_services_item_content_inner\"><div class=\"sc_services_item_content_inner_top\"><span class=\"sc_services_item_number\">01.<\/span><\/div><div class=\"sc_services_item_content_inner_bottom\">\r\n                <h6 class=\"sc_services_item_title\"><a href=\"https:\/\/vilanova-fit.com\/ca\/services\/hiit-outdoor\/\">HIIT OUTDOOR<\/a><\/h6>\r\n                <div class=\"sc_services_item_subtitle\"><a href=\"https:\/\/vilanova-fit.com\/ca\/services_group\/outdoor\/\" title=\"View all posts in Outdoor\">Outdoor<\/a><\/div><div class=\"sc_services_item_text\"><p>Entrenamiento din\u00e1mico al aire libre, bien estructurado <\/p>\n<\/div><div class=\"sc_services_item_button sc_item_button\">\r\n                    <a href=\"https:\/\/vilanova-fit.com\/ca\/services\/hiit-outdoor\/\" class=\"sc_services_item_more_link\">\r\n                        <span class=\"link_text\">Read More<\/span><span class=\"link_icon\"><\/span>\r\n                    <\/a>\r\n                    <\/div><\/div><\/div><a class=\"sc_services_item_link\" href=\"https:\/\/vilanova-fit.com\/ca\/services\/hiit-outdoor\/\"><\/a><\/div><\/div><\/div><div class=\"trx_addons_column-1_3 trx_addons_column-1_2-tablet\"><div data-post-id=\"43658\" class=\"sc_services_item sc_item_container post_container with_content with_more with_image with_number post-43658 cpt_services type-cpt_services status-publish has-post-thumbnail hentry cpt_services_group-outdoor\">\r\n\t\t<div class=\"sc_services_item_content\" style=\"background-image: url(https:\/\/vilanova-fit.com\/wp-content\/uploads\/2026\/02\/full-shot-people-running-together-1-840x560.jpg);\">\r\n\t\t\t\t<div class=\"sc_services_item_content_inner\"><div class=\"sc_services_item_content_inner_top\"><span class=\"sc_services_item_number\">02.<\/span><\/div><div class=\"sc_services_item_content_inner_bottom\">\r\n                <h6 class=\"sc_services_item_title\"><a href=\"https:\/\/vilanova-fit.com\/ca\/services\/running-club\/\">HYBRID<\/a><\/h6>\r\n                <div class=\"sc_services_item_subtitle\"><a href=\"https:\/\/vilanova-fit.com\/ca\/services_group\/outdoor\/\" title=\"View all posts in Outdoor\">Outdoor<\/a><\/div><div class=\"sc_services_item_text\"><p>Aprende a correr mejor, no solo a correr m\u00e1s <\/p>\n<\/div><div class=\"sc_services_item_button sc_item_button\">\r\n                    <a href=\"https:\/\/vilanova-fit.com\/ca\/services\/running-club\/\" class=\"sc_services_item_more_link\">\r\n                        <span class=\"link_text\">Read More<\/span><span class=\"link_icon\"><\/span>\r\n                    <\/a>\r\n                    <\/div><\/div><\/div><a class=\"sc_services_item_link\" href=\"https:\/\/vilanova-fit.com\/ca\/services\/running-club\/\"><\/a><\/div><\/div><\/div><div class=\"trx_addons_column-1_3 trx_addons_column-1_2-tablet\"><div data-post-id=\"43660\" class=\"sc_services_item sc_item_container post_container with_content with_more with_image with_number post-43660 cpt_services type-cpt_services status-publish has-post-thumbnail hentry cpt_services_group-indor cpt_services_group-outdoor\">\r\n\t\t<div class=\"sc_services_item_content\" style=\"background-image: url(https:\/\/vilanova-fit.com\/wp-content\/uploads\/2026\/02\/WhatsApp-Image-2026-04-13-at-13.46.52-3-840x630.jpeg);\">\r\n\t\t\t\t<div class=\"sc_services_item_content_inner\"><div class=\"sc_services_item_content_inner_top\"><span class=\"sc_services_item_number\">03.<\/span><\/div><div class=\"sc_services_item_content_inner_bottom\">\r\n                <h6 class=\"sc_services_item_title\"><a href=\"https:\/\/vilanova-fit.com\/ca\/services\/grupo-senior\/\">GRUPO S\u00c9NIOR<\/a><\/h6>\r\n                <div class=\"sc_services_item_subtitle\"><a href=\"https:\/\/vilanova-fit.com\/ca\/services_group\/indor\/\" title=\"View all posts in Indor\">Indor, <\/a><a href=\"https:\/\/vilanova-fit.com\/ca\/services_group\/outdoor\/\" title=\"View all posts in Outdoor\">Outdoor<\/a><\/div><div class=\"sc_services_item_text\"><p>Aprende a moverte correctamente para construir una base impecable <\/p>\n<\/div><div class=\"sc_services_item_button sc_item_button\">\r\n                    <a href=\"https:\/\/vilanova-fit.com\/ca\/services\/grupo-senior\/\" class=\"sc_services_item_more_link\">\r\n                        <span class=\"link_text\">Read More<\/span><span class=\"link_icon\"><\/span>\r\n                    <\/a>\r\n                    <\/div><\/div><\/div><a class=\"sc_services_item_link\" href=\"https:\/\/vilanova-fit.com\/ca\/services\/grupo-senior\/\"><\/a><\/div><\/div><\/div><div class=\"trx_addons_column-1_3 trx_addons_column-1_2-tablet\"><div data-post-id=\"43648\" class=\"sc_services_item sc_item_container post_container with_content with_more with_image with_number post-43648 cpt_services type-cpt_services status-publish has-post-thumbnail hentry cpt_services_group-indor\">\r\n\t\t<div class=\"sc_services_item_content\" style=\"background-image: url(https:\/\/vilanova-fit.com\/wp-content\/uploads\/2026\/02\/WhatsApp-Image-2026-04-05-at-08.32.04-2.jpeg);\">\r\n\t\t\t\t<div class=\"sc_services_item_content_inner\"><div class=\"sc_services_item_content_inner_top\"><span class=\"sc_services_item_number\">04.<\/span><\/div><div class=\"sc_services_item_content_inner_bottom\">\r\n                <h6 class=\"sc_services_item_title\"><a href=\"https:\/\/vilanova-fit.com\/ca\/services\/basic-strength-3\/\">BASIC STRENGTH<\/a><\/h6>\r\n                <div class=\"sc_services_item_subtitle\"><a href=\"https:\/\/vilanova-fit.com\/ca\/services_group\/indor\/\" title=\"View all posts in Indor\">Indor<\/a><\/div><div class=\"sc_services_item_text\"><p>Aprende a moverte correctamente para construir una base impecable <\/p>\n<\/div><div class=\"sc_services_item_button sc_item_button\">\r\n                    <a href=\"https:\/\/vilanova-fit.com\/ca\/services\/basic-strength-3\/\" class=\"sc_services_item_more_link\">\r\n                        <span class=\"link_text\">Read More<\/span><span class=\"link_icon\"><\/span>\r\n                    <\/a>\r\n                    <\/div><\/div><\/div><a class=\"sc_services_item_link\" href=\"https:\/\/vilanova-fit.com\/ca\/services\/basic-strength-3\/\"><\/a><\/div><\/div><\/div><div class=\"trx_addons_column-1_3 trx_addons_column-1_2-tablet\"><div data-post-id=\"43637\" class=\"sc_services_item sc_item_container post_container with_content with_more with_image with_number post-43637 cpt_services type-cpt_services status-publish has-post-thumbnail hentry cpt_services_group-indor\">\r\n\t\t<div class=\"sc_services_item_content\" style=\"background-image: url(https:\/\/vilanova-fit.com\/wp-content\/uploads\/2026\/02\/WhatsApp-Image-2026-04-05-at-08.30.50-840x1260.jpeg);\">\r\n\t\t\t\t<div class=\"sc_services_item_content_inner\"><div class=\"sc_services_item_content_inner_top\"><span class=\"sc_services_item_number\">05.<\/span><\/div><div class=\"sc_services_item_content_inner_bottom\">\r\n                <h6 class=\"sc_services_item_title\"><a href=\"https:\/\/vilanova-fit.com\/ca\/services\/progressive-strength-3\/\">PROGRESSIVE STRENGTH<\/a><\/h6>\r\n                <div class=\"sc_services_item_subtitle\"><a href=\"https:\/\/vilanova-fit.com\/ca\/services_group\/indor\/\" title=\"View all posts in Indor\">Indor<\/a><\/div><div class=\"sc_services_item_text\"><p>Rutinas avanzadas para desarrollar tu potencial<\/p>\n<\/div><div class=\"sc_services_item_button sc_item_button\">\r\n                    <a href=\"https:\/\/vilanova-fit.com\/ca\/services\/progressive-strength-3\/\" class=\"sc_services_item_more_link\">\r\n                        <span class=\"link_text\">Read More<\/span><span class=\"link_icon\"><\/span>\r\n                    <\/a>\r\n                    <\/div><\/div><\/div><a class=\"sc_services_item_link\" href=\"https:\/\/vilanova-fit.com\/ca\/services\/progressive-strength-3\/\"><\/a><\/div><\/div><\/div><div class=\"trx_addons_column-1_3 trx_addons_column-1_2-tablet\"><div data-post-id=\"43597\" class=\"sc_services_item sc_item_container post_container with_content with_more with_image with_number post-43597 cpt_services type-cpt_services status-publish has-post-thumbnail hentry cpt_services_group-indor\">\r\n\t\t<div class=\"sc_services_item_content\" style=\"background-image: url(https:\/\/vilanova-fit.com\/wp-content\/uploads\/2026\/02\/WhatsApp-Image-2026-04-05-at-08.32.04-840x560.jpeg);\">\r\n\t\t\t\t<div class=\"sc_services_item_content_inner\"><div class=\"sc_services_item_content_inner_top\"><span class=\"sc_services_item_number\">06.<\/span><\/div><div class=\"sc_services_item_content_inner_bottom\">\r\n                <h6 class=\"sc_services_item_title\"><a href=\"https:\/\/vilanova-fit.com\/ca\/services\/calistenia-2-2\/\">CALISTENIA<\/a><\/h6>\r\n                <div class=\"sc_services_item_subtitle\"><a href=\"https:\/\/vilanova-fit.com\/ca\/services_group\/indor\/\" title=\"View all posts in Indor\">Indor<\/a><\/div><div class=\"sc_services_item_text\"><p>Control corporal y fuerza con tu propio cuerpo <\/p>\n<\/div><div class=\"sc_services_item_button sc_item_button\">\r\n                    <a href=\"https:\/\/vilanova-fit.com\/ca\/services\/calistenia-2-2\/\" class=\"sc_services_item_more_link\">\r\n                        <span class=\"link_text\">Read More<\/span><span class=\"link_icon\"><\/span>\r\n                    <\/a>\r\n                    <\/div><\/div><\/div><a class=\"sc_services_item_link\" href=\"https:\/\/vilanova-fit.com\/ca\/services\/calistenia-2-2\/\"><\/a><\/div><\/div><\/div><\/div><\/div>\t\t\t\t<\/div>\n\t\t\t\t<\/div>\n\t\t\t\t<div class=\"elementor-element elementor-element-b0b97ce sc_fly_static elementor-widget elementor-widget-spacer\" data-id=\"b0b97ce\" data-element_type=\"widget\" data-e-type=\"widget\" data-widget_type=\"spacer.default\">\n\t\t\t\t<div class=\"elementor-widget-container\">\n\t\t\t\t\t\t\t<div class=\"elementor-spacer\">\n\t\t\t<div class=\"elementor-spacer-inner\"><\/div>\n\t\t<\/div>\n\t\t\t\t\t\t<\/div>\n\t\t\t\t<\/div>\n\t\t\t\t<div class=\"elementor-element elementor-element-bc5f3e5 sc_fly_static elementor-widget elementor-widget-trx_sc_title\" data-id=\"bc5f3e5\" data-element_type=\"widget\" data-e-type=\"widget\" data-widget_type=\"trx_sc_title.default\">\n\t\t\t\t<div class=\"elementor-widget-container\">\n\t\t\t\t\t<div\t\tclass=\"sc_title sc_title_default\" ><h1 class=\"sc_item_title sc_title_title sc_align_center sc_item_title_style_default sc_item_title_tag sc_typed\"\n\t\t\t><span class=\"sc_item_title_text\">Empieza con <span class=\"gradient_anim\">una clase gratuita<\/span> y vive la experiencia Vilanova Fit <span class=\"gradient_anim\">sin compromiso.<\/span><\/span><\/h1><\/div>\t\t\t\t<\/div>\n\t\t\t\t<\/div>\n\t\t\t\t<div class=\"elementor-element elementor-element-d2d1aa4 sc_fly_static elementor-widget elementor-widget-spacer\" data-id=\"d2d1aa4\" data-element_type=\"widget\" data-e-type=\"widget\" data-widget_type=\"spacer.default\">\n\t\t\t\t<div class=\"elementor-widget-container\">\n\t\t\t\t\t\t\t<div class=\"elementor-spacer\">\n\t\t\t<div class=\"elementor-spacer-inner\"><\/div>\n\t\t<\/div>\n\t\t\t\t\t\t<\/div>\n\t\t\t\t<\/div>\n\t\t\t\t<div class=\"elementor-element elementor-element-8cc5356 elementor-align-center sc_fly_static elementor-widget elementor-widget-button\" data-id=\"8cc5356\" data-element_type=\"widget\" data-e-type=\"widget\" data-widget_type=\"button.default\">\n\t\t\t\t<div class=\"elementor-widget-container\">\n\t\t\t\t\t\t\t\t\t<div class=\"elementor-button-wrapper\">\n\t\t\t\t\t<a class=\"elementor-button elementor-button-link elementor-size-sm\" href=\"https:\/\/vilanova-fit.com\/ca\/info\/\">\n\t\t\t\t\t\t<span class=\"elementor-button-content-wrapper\">\n\t\t\t\t\t\t\t\t\t<span class=\"elementor-button-text\">Prueba Gratis<\/span>\n\t\t\t\t\t<\/span>\n\t\t\t\t\t<\/a>\n\t\t\t\t<\/div>\n\t\t\t\t\t\t\t\t<\/div>\n\t\t\t\t<\/div>\n\t\t\t\t<div class=\"elementor-element elementor-element-be5d63c sc_fly_static elementor-widget elementor-widget-spacer\" data-id=\"be5d63c\" data-element_type=\"widget\" data-e-type=\"widget\" data-widget_type=\"spacer.default\">\n\t\t\t\t<div class=\"elementor-widget-container\">\n\t\t\t\t\t\t\t<div class=\"elementor-spacer\">\n\t\t\t<div class=\"elementor-spacer-inner\"><\/div>\n\t\t<\/div>\n\t\t\t\t\t\t<\/div>\n\t\t\t\t<\/div>\n\t\t\t\t\t<\/div>\n\t\t<\/div>\n\t\t\t\t\t<\/div>\n\t\t<\/section>\n\t\t\t\t<\/div>","protected":false},"excerpt":{"rendered":"<p>NUESTRAS CLASES Entrena a tu ritmo. Evoluciona a lo grande. En Vilanova Fit encontrar\u00e1s clases pensadas para ayudarte a mejorar, ganar constancia y disfrutar del proceso. Sea cual sea tu&hellip;<\/p>","protected":false},"author":1,"featured_media":0,"parent":0,"menu_order":0,"comment_status":"closed","ping_status":"closed","template":"","meta":{"footnotes":""},"class_list":["post-43854","page","type-page","status-publish","hentry"],"_links":{"self":[{"href":"https:\/\/vilanova-fit.com\/ca\/wp-json\/wp\/v2\/pages\/43854","targetHints":{"allow":["GET"]}}],"collection":[{"href":"https:\/\/vilanova-fit.com\/ca\/wp-json\/wp\/v2\/pages"}],"about":[{"href":"https:\/\/vilanova-fit.com\/ca\/wp-json\/wp\/v2\/types\/page"}],"author":[{"embeddable":true,"href":"https:\/\/vilanova-fit.com\/ca\/wp-json\/wp\/v2\/users\/1"}],"replies":[{"embeddable":true,"href":"https:\/\/vilanova-fit.com\/ca\/wp-json\/wp\/v2\/comments?post=43854"}],"version-history":[{"count":23,"href":"https:\/\/vilanova-fit.com\/ca\/wp-json\/wp\/v2\/pages\/43854\/revisions"}],"predecessor-version":[{"id":44010,"href":"https:\/\/vilanova-fit.com\/ca\/wp-json\/wp\/v2\/pages\/43854\/revisions\/44010"}],"wp:attachment":[{"href":"https:\/\/vilanova-fit.com\/ca\/wp-json\/wp\/v2\/media?parent=43854"}],"curies":[{"name":"wp","href":"https:\/\/api.w.org\/{rel}","templated":true}]}}