{"id":43896,"date":"2026-04-13T18:29:14","date_gmt":"2026-04-13T16:29:14","guid":{"rendered":"https:\/\/vilanova-fit.com\/?page_id=43896"},"modified":"2026-04-14T11:30:40","modified_gmt":"2026-04-14T09:30:40","slug":"legal","status":"publish","type":"page","link":"https:\/\/vilanova-fit.com\/ca\/legal\/","title":{"rendered":"AVISO LEGAL"},"content":{"rendered":"<div data-elementor-type=\"wp-page\" data-elementor-id=\"43896\" class=\"elementor elementor-43896\">\n\t\t\t\t\t\t<section class=\"elementor-section elementor-top-section elementor-element elementor-element-20eda97 elementor-section-boxed elementor-section-height-default elementor-section-height-default sc_fly_static\" data-id=\"20eda97\" data-element_type=\"section\" data-e-type=\"section\">\n\t\t\t\t\t\t<div class=\"elementor-container elementor-column-gap-extended\">\n\t\t\t\t\t<div class=\"elementor-column elementor-col-100 elementor-top-column elementor-element elementor-element-b0388e9 sc_content_align_inherit sc_layouts_column_icons_position_left sc_fly_static\" data-id=\"b0388e9\" data-element_type=\"column\" data-e-type=\"column\">\n\t\t\t<div class=\"elementor-widget-wrap elementor-element-populated\">\n\t\t\t\t\t\t<div class=\"elementor-element elementor-element-a18262a sc_fly_static elementor-widget elementor-widget-heading\" data-id=\"a18262a\" data-element_type=\"widget\" data-e-type=\"widget\" data-widget_type=\"heading.default\">\n\t\t\t\t<div class=\"elementor-widget-container\">\n\t\t\t\t\t<h2 class=\"elementor-heading-title elementor-size-default\">AVISO LEGAL<\/h2>\t\t\t\t<\/div>\n\t\t\t\t<\/div>\n\t\t\t\t\t<\/div>\n\t\t<\/div>\n\t\t\t\t\t<\/div>\n\t\t<\/section>\n\t\t\t\t<section class=\"elementor-section elementor-top-section elementor-element elementor-element-f5bb57a elementor-section-boxed elementor-section-height-default elementor-section-height-default sc_fly_static\" data-id=\"f5bb57a\" data-element_type=\"section\" data-e-type=\"section\">\n\t\t\t\t\t\t<div class=\"elementor-container elementor-column-gap-extended\">\n\t\t\t\t\t<div class=\"elementor-column elementor-col-100 elementor-top-column elementor-element elementor-element-9dddc28 sc_content_align_inherit sc_layouts_column_icons_position_left sc_fly_static\" data-id=\"9dddc28\" data-element_type=\"column\" data-e-type=\"column\">\n\t\t\t<div class=\"elementor-widget-wrap elementor-element-populated\">\n\t\t\t\t\t\t<div class=\"elementor-element elementor-element-46a1acb sc_fly_static elementor-widget elementor-widget-spacer\" data-id=\"46a1acb\" data-element_type=\"widget\" data-e-type=\"widget\" data-widget_type=\"spacer.default\">\n\t\t\t\t<div class=\"elementor-widget-container\">\n\t\t\t\t\t\t\t<div class=\"elementor-spacer\">\n\t\t\t<div class=\"elementor-spacer-inner\"><\/div>\n\t\t<\/div>\n\t\t\t\t\t\t<\/div>\n\t\t\t\t<\/div>\n\t\t\t\t<div class=\"elementor-element elementor-element-79528db sc_fly_static elementor-widget elementor-widget-text-editor\" data-id=\"79528db\" data-element_type=\"widget\" data-e-type=\"widget\" data-widget_type=\"text-editor.default\">\n\t\t\t\t<div class=\"elementor-widget-container\">\n\t\t\t\t\t\t\t\t\t<p class=\"p3\">En cumplimiento del deber de informaci\u00f3n previsto en la normativa vigente, se informa a las personas usuarias del presente sitio web de los siguientes datos identificativos del titular:<\/p><p class=\"p1\"><b>Titular del sitio web<\/b><b><\/b><\/p><p class=\"p1\"><b>Jaume Mart\u00ednez Miret<\/b><b><\/b><\/p><p class=\"p3\"><span class=\"s1\"><b>NIF:<\/b><\/span> 23816565L<span class=\"Apple-converted-space\">\u00a0 <\/span><\/p><p class=\"p1\"><b>Nombre comercial<\/b><b><\/b><\/p><p class=\"p1\"><b>Vilanova Fit<\/b><b><\/b><\/p><p class=\"p1\"><b>Domicilio de la actividad<\/b><b><\/b><\/p><p class=\"p3\">Carrer de la Immaculada Concepci\u00f3, 6<\/p><p class=\"p3\">08800 Vilanova i la Geltr\u00fa, Barcelona<\/p><p class=\"p1\"><b>Tel\u00e9fono de contacto<\/b><b><\/b><\/p><p class=\"p3\">+34 690 923 615<\/p><p class=\"p1\"><b>Correo electr\u00f3nico<\/b><b><\/b><\/p><p class=\"p3\">hola@vilanova-fit.com<\/p><p class=\"p1\"><b>Sitio web<\/b><b><\/b><\/p><p class=\"p3\">www.vilanova-fit.com<\/p><h2><b>Objeto<\/b><\/h2><p class=\"p3\">El presente sitio web tiene como finalidad ofrecer informaci\u00f3n sobre los servicios, actividades, clases y formas de contacto de <span class=\"s1\"><b>Vilanova Fit<\/b><\/span>, as\u00ed como permitir a las personas interesadas solicitar informaci\u00f3n, concertar una cita o mantener una entrevista con el centro.<\/p><h2><b>Condiciones de uso<\/b><\/h2><p class=\"p3\">El acceso y uso de este sitio web atribuye la condici\u00f3n de persona usuaria e implica la aceptaci\u00f3n plena de las presentes condiciones de uso.<\/p><p class=\"p3\">La persona usuaria se compromete a utilizar el sitio web, sus contenidos y servicios de conformidad con la legislaci\u00f3n vigente, la buena fe, el orden p\u00fablico y las presentes condiciones.<\/p><p class=\"p3\">Queda expresamente prohibido el uso del sitio web con fines il\u00edcitos o lesivos, o que puedan causar perjuicio o impedir el normal funcionamiento del sitio.<\/p><h2><b>Propiedad intelectual e industrial<\/b><\/h2><p class=\"p3\">Todos los contenidos del sitio web, incluyendo textos, im\u00e1genes, logotipos, dise\u00f1os, estructura, software, c\u00f3digo fuente y dem\u00e1s elementos, son titularidad de <span class=\"s1\"><b>Vilanova Fit<\/b><\/span> o de terceros que han autorizado su uso, y est\u00e1n protegidos por la normativa vigente sobre propiedad intelectual e industrial.<\/p><p class=\"p3\">Queda prohibida la reproducci\u00f3n, distribuci\u00f3n, comunicaci\u00f3n p\u00fablica, transformaci\u00f3n o cualquier otra forma de explotaci\u00f3n de dichos contenidos sin autorizaci\u00f3n expresa del titular.<\/p><h2><b>Responsabilidad<\/b><\/h2><p class=\"p3\">El titular no se responsabiliza de los da\u00f1os o perjuicios que pudieran derivarse de interferencias, interrupciones, aver\u00edas, desconexiones, virus inform\u00e1ticos o ca\u00eddas del sistema causadas por factores ajenos al control del titular.<\/p><p class=\"p3\">Tampoco se responsabiliza del uso indebido que las personas usuarias puedan hacer del sitio web ni de los contenidos de terceros enlazados desde esta p\u00e1gina.<\/p><h2><b>Enlaces externos<\/b><\/h2><p class=\"p3\">En caso de que el sitio web contenga enlaces a p\u00e1ginas externas, el titular no se responsabiliza de los contenidos, servicios o pol\u00edticas de privacidad de dichas webs de terceros.<\/p><h2><b>Legislaci\u00f3n aplicable y jurisdicci\u00f3n<\/b><\/h2><p class=\"p3\">La relaci\u00f3n entre la persona usuaria y el titular se regir\u00e1 por la legislaci\u00f3n espa\u00f1ola vigente. Cualquier controversia que pudiera derivarse del acceso o uso de este sitio web se someter\u00e1 a los juzgados y tribunales que correspondan conforme a derecho.<\/p><p class=\"p3\">La obligaci\u00f3n de identificar claramente al titular del sitio y facilitar esta informaci\u00f3n de forma permanente, f\u00e1cil, directa y gratuita deriva de la LSSI.<\/p>\t\t\t\t\t\t\t\t<\/div>\n\t\t\t\t<\/div>\n\t\t\t\t<div class=\"elementor-element elementor-element-0d7c5cb sc_fly_static elementor-widget elementor-widget-spacer\" data-id=\"0d7c5cb\" data-element_type=\"widget\" data-e-type=\"widget\" data-widget_type=\"spacer.default\">\n\t\t\t\t<div class=\"elementor-widget-container\">\n\t\t\t\t\t\t\t<div class=\"elementor-spacer\">\n\t\t\t<div class=\"elementor-spacer-inner\"><\/div>\n\t\t<\/div>\n\t\t\t\t\t\t<\/div>\n\t\t\t\t<\/div>\n\t\t\t\t\t<\/div>\n\t\t<\/div>\n\t\t\t\t\t<\/div>\n\t\t<\/section>\n\t\t\t\t<\/div>","protected":false},"excerpt":{"rendered":"<p>AVISO LEGAL En cumplimiento del deber de informaci\u00f3n previsto en la normativa vigente, se informa a las personas usuarias del presente sitio web de los siguientes datos identificativos del titular:&hellip;<\/p>","protected":false},"author":1,"featured_media":0,"parent":0,"menu_order":0,"comment_status":"closed","ping_status":"closed","template":"","meta":{"footnotes":""},"class_list":["post-43896","page","type-page","status-publish","hentry"],"_links":{"self":[{"href":"https:\/\/vilanova-fit.com\/ca\/wp-json\/wp\/v2\/pages\/43896","targetHints":{"allow":["GET"]}}],"collection":[{"href":"https:\/\/vilanova-fit.com\/ca\/wp-json\/wp\/v2\/pages"}],"about":[{"href":"https:\/\/vilanova-fit.com\/ca\/wp-json\/wp\/v2\/types\/page"}],"author":[{"embeddable":true,"href":"https:\/\/vilanova-fit.com\/ca\/wp-json\/wp\/v2\/users\/1"}],"replies":[{"embeddable":true,"href":"https:\/\/vilanova-fit.com\/ca\/wp-json\/wp\/v2\/comments?post=43896"}],"version-history":[{"count":7,"href":"https:\/\/vilanova-fit.com\/ca\/wp-json\/wp\/v2\/pages\/43896\/revisions"}],"predecessor-version":[{"id":43991,"href":"https:\/\/vilanova-fit.com\/ca\/wp-json\/wp\/v2\/pages\/43896\/revisions\/43991"}],"wp:attachment":[{"href":"https:\/\/vilanova-fit.com\/ca\/wp-json\/wp\/v2\/media?parent=43896"}],"curies":[{"name":"wp","href":"https:\/\/api.w.org\/{rel}","templated":true}]}}