{"id":43709,"date":"2026-03-16T08:37:57","date_gmt":"2026-03-16T07:37:57","guid":{"rendered":"https:\/\/vilanova-fit.com\/?page_id=43709"},"modified":"2026-03-16T10:02:11","modified_gmt":"2026-03-16T09:02:11","slug":"info","status":"publish","type":"page","link":"https:\/\/vilanova-fit.com\/en\/info\/","title":{"rendered":"info"},"content":{"rendered":"<div data-elementor-type=\"wp-page\" data-elementor-id=\"43709\" class=\"elementor elementor-43709\">\n\t\t\t\t\t\t<section class=\"elementor-section elementor-top-section elementor-element elementor-element-2806385 elementor-section-full_width elementor-section-stretched elementor-section-height-default elementor-section-height-default sc_fly_static\" data-id=\"2806385\" data-element_type=\"section\" data-e-type=\"section\" data-settings=\"{&quot;stretch_section&quot;:&quot;section-stretched&quot;,&quot;background_background&quot;:&quot;classic&quot;}\">\n\t\t\t\t\t\t\t<div class=\"elementor-background-overlay\"><\/div>\n\t\t\t\t\t\t\t<div class=\"elementor-container elementor-column-gap-extended\">\n\t\t\t\t\t<div class=\"elementor-column elementor-col-100 elementor-top-column elementor-element elementor-element-a93e9df sc_content_align_inherit sc_layouts_column_icons_position_left sc_fly_static\" data-id=\"a93e9df\" data-element_type=\"column\" data-e-type=\"column\">\n\t\t\t<div class=\"elementor-widget-wrap elementor-element-populated\">\n\t\t\t\t\t\t<div class=\"elementor-element elementor-element-81fd294 sc_fly_static elementor-widget elementor-widget-image\" data-id=\"81fd294\" data-element_type=\"widget\" data-e-type=\"widget\" data-widget_type=\"image.default\">\n\t\t\t\t<div class=\"elementor-widget-container\">\n\t\t\t\t\t\t\t\t\t\t\t\t\t\t\t<img fetchpriority=\"high\" decoding=\"async\" width=\"340\" height=\"156\" src=\"https:\/\/vilanova-fit.com\/wp-content\/uploads\/2026\/01\/LogoVilanovaFit.png\" class=\"attachment-large size-large wp-image-43399\" alt=\"\" srcset=\"https:\/\/vilanova-fit.com\/wp-content\/uploads\/2026\/01\/LogoVilanovaFit.png 340w, https:\/\/vilanova-fit.com\/wp-content\/uploads\/2026\/01\/LogoVilanovaFit-300x138.png 300w\" sizes=\"(max-width: 600px) 100vw, 340px\" \/>\t\t\t\t\t\t\t\t\t\t\t\t\t\t\t<\/div>\n\t\t\t\t<\/div>\n\t\t\t\t\t<\/div>\n\t\t<\/div>\n\t\t\t\t\t<\/div>\n\t\t<\/section>\n\t\t\t\t<section class=\"elementor-section elementor-top-section elementor-element elementor-element-d892603 elementor-section-boxed elementor-section-height-default elementor-section-height-default sc_fly_static\" data-id=\"d892603\" data-element_type=\"section\" data-e-type=\"section\">\n\t\t\t\t\t\t<div class=\"elementor-container elementor-column-gap-extended\">\n\t\t\t\t\t<div class=\"elementor-column elementor-col-100 elementor-top-column elementor-element elementor-element-c74e959 sc_content_align_inherit sc_layouts_column_icons_position_left sc_fly_static\" data-id=\"c74e959\" data-element_type=\"column\" data-e-type=\"column\">\n\t\t\t<div class=\"elementor-widget-wrap elementor-element-populated\">\n\t\t\t\t\t\t<div class=\"elementor-element elementor-element-fb3cfc1 sc_fly_static elementor-widget elementor-widget-heading\" data-id=\"fb3cfc1\" data-element_type=\"widget\" data-e-type=\"widget\" data-widget_type=\"heading.default\">\n\t\t\t\t<div class=\"elementor-widget-container\">\n\t\t\t\t\t<h1 class=\"elementor-heading-title elementor-size-default\">Reserva tu primera entrevista en Vilanova Fit<\/h1>\t\t\t\t<\/div>\n\t\t\t\t<\/div>\n\t\t\t\t<div class=\"elementor-element elementor-element-b601693 sc_fly_static elementor-widget elementor-widget-text-editor\" data-id=\"b601693\" data-element_type=\"widget\" data-e-type=\"widget\" data-widget_type=\"text-editor.default\">\n\t\t\t\t<div class=\"elementor-widget-container\">\n\t\t\t\t\t\t\t\t\t<p class=\"p1\">D\u00e9janos tus datos y te contactaremos para conocer tus objetivos y encontrar la mejor opci\u00f3n para ti.<\/p>\t\t\t\t\t\t\t\t<\/div>\n\t\t\t\t<\/div>\n\t\t\t\t<div class=\"elementor-element elementor-element-2e6ab11 sc_fly_static elementor-widget elementor-widget-trx_sc_contact_form_7\" data-id=\"2e6ab11\" data-element_type=\"widget\" data-e-type=\"widget\" data-widget_type=\"trx_sc_contact_form_7.default\">\n\t\t\t\t<div class=\"elementor-widget-container\">\n\t\t\t\t\t\n<div class=\"wpcf7 no-js\" id=\"wpcf7-f43725-o1\" lang=\"es-ES\" dir=\"ltr\" data-wpcf7-id=\"43725\">\n<div class=\"screen-reader-response\"><p role=\"status\" aria-live=\"polite\" aria-atomic=\"true\"><\/p> <ul><\/ul><\/div>\n<form action=\"\/en\/wp-json\/wp\/v2\/pages\/43709#wpcf7-f43725-o1\" method=\"post\" class=\"wpcf7-form init\" aria-label=\"Formulario de contacto\" novalidate=\"novalidate\" data-status=\"init\" data-trp-original-action=\"\/en\/wp-json\/wp\/v2\/pages\/43709#wpcf7-f43725-o1\">\n<fieldset class=\"hidden-fields-container\"><input type=\"hidden\" name=\"_wpcf7\" value=\"43725\" \/><input type=\"hidden\" name=\"_wpcf7_version\" value=\"6.1.5\" \/><input type=\"hidden\" name=\"_wpcf7_locale\" value=\"es_ES\" \/><input type=\"hidden\" name=\"_wpcf7_unit_tag\" value=\"wpcf7-f43725-o1\" \/><input type=\"hidden\" name=\"_wpcf7_container_post\" value=\"0\" \/><input type=\"hidden\" name=\"_wpcf7_posted_data_hash\" value=\"\" \/>\n<\/fieldset>\n<div class=\"mvfit-form-grid\">\n\t<div class=\"mvfit-field\">\n\t\t<p><label>Nombre *<\/label><br \/>\n<span class=\"wpcf7-form-control-wrap\" data-name=\"nombre\"><input size=\"40\" maxlength=\"400\" class=\"wpcf7-form-control wpcf7-text wpcf7-validates-as-required\" autocomplete=\"given-name\" aria-required=\"true\" aria-invalid=\"false\" value=\"\" type=\"text\" name=\"nombre\" \/><\/span>\n\t\t<\/p>\n\t<\/div>\n\t<div class=\"mvfit-field\">\n\t\t<p><label>Apellidos *<\/label><br \/>\n<span class=\"wpcf7-form-control-wrap\" data-name=\"apellidos\"><input size=\"40\" maxlength=\"400\" class=\"wpcf7-form-control wpcf7-text wpcf7-validates-as-required\" autocomplete=\"family-name\" aria-required=\"true\" aria-invalid=\"false\" value=\"\" type=\"text\" name=\"apellidos\" \/><\/span>\n\t\t<\/p>\n\t<\/div>\n\t<div class=\"mvfit-field\">\n\t\t<p><label>Tel\u00e9fono *<\/label><br \/>\n<span class=\"wpcf7-form-control-wrap\" data-name=\"telefono\"><input size=\"40\" maxlength=\"400\" class=\"wpcf7-form-control wpcf7-tel wpcf7-validates-as-required wpcf7-text wpcf7-validates-as-tel\" autocomplete=\"tel\" aria-required=\"true\" aria-invalid=\"false\" value=\"\" type=\"tel\" name=\"telefono\" \/><\/span>\n\t\t<\/p>\n\t<\/div>\n\t<div class=\"mvfit-field\">\n\t\t<p><label>Correo electr\u00f3nico *<\/label><br \/>\n<span class=\"wpcf7-form-control-wrap\" data-name=\"email\"><input size=\"40\" maxlength=\"400\" class=\"wpcf7-form-control wpcf7-email wpcf7-validates-as-required wpcf7-text wpcf7-validates-as-email\" autocomplete=\"email\" aria-required=\"true\" aria-invalid=\"false\" value=\"\" type=\"email\" name=\"email\" \/><\/span>\n\t\t<\/p>\n\t<\/div>\n\t<div class=\"mvfit-field mvfit-field-full\">\n\t\t<p><label>\u00bfQu\u00e9 te gustar\u00eda conseguir?<\/label><br \/>\n<span class=\"wpcf7-form-control-wrap\" data-name=\"objetivos\"><textarea cols=\"40\" rows=\"10\" maxlength=\"2000\" class=\"wpcf7-form-control wpcf7-textarea\" aria-invalid=\"false\" placeholder=\"Por ejemplo: perder peso, tonificar, ganar fuerza, mejorar mi salud, volver a entrenar...\" name=\"objetivos\"><\/textarea><\/span>\n\t\t<\/p>\n\t<\/div>\n\t<div class=\"mvfit-field mvfit-field-full\">\n\t\t<p><label>\u00bfTienes experiencia previa entrenando?<\/label><br \/>\n<span class=\"wpcf7-form-control-wrap\" data-name=\"experiencia\"><select class=\"wpcf7-form-control wpcf7-select\" aria-invalid=\"false\" name=\"experiencia\"><option value=\"\">Selecciona una opci\u00f3n<\/option><option value=\"S\u00ed, entreno habitualmente\">S\u00ed, entreno habitualmente<\/option><option value=\"S\u00ed, pero hace tiempo que no entreno\">S\u00ed, pero hace tiempo que no entreno<\/option><option value=\"No, estoy empezando\">No, estoy empezando<\/option><\/select><\/span>\n\t\t<\/p>\n\t<\/div>\n\t<div class=\"mvfit-field mvfit-field-full\">\n\t\t<p><label>\u00bfC\u00f3mo prefieres que contactemos contigo?<\/label><br \/>\n<span class=\"wpcf7-form-control-wrap\" data-name=\"metodo-contacto\"><span class=\"wpcf7-form-control wpcf7-checkbox\"><span class=\"wpcf7-list-item first\"><label><input type=\"checkbox\" name=\"metodo-contacto[]\" value=\"Llamada telef\u00f3nica\" \/><span class=\"wpcf7-list-item-label\">Llamada telef\u00f3nica<\/span><\/label><\/span><span class=\"wpcf7-list-item\"><label><input type=\"checkbox\" name=\"metodo-contacto[]\" value=\"WhatsApp\" \/><span class=\"wpcf7-list-item-label\">WhatsApp<\/span><\/label><\/span><span class=\"wpcf7-list-item last\"><label><input type=\"checkbox\" name=\"metodo-contacto[]\" value=\"Correo electr\u00f3nico\" \/><span class=\"wpcf7-list-item-label\">Correo electr\u00f3nico<\/span><\/label><\/span><\/span><\/span>\n\t\t<\/p>\n\t<\/div>\n\t<div class=\"mvfit-field mvfit-field-full\">\n\t\t<p><label>\u00bfCu\u00e1ndo te va mejor que te contactemos?<\/label><br \/>\n<span class=\"wpcf7-form-control-wrap\" data-name=\"franja-horaria\"><span class=\"wpcf7-form-control wpcf7-checkbox\"><span class=\"wpcf7-list-item first\"><label><input type=\"checkbox\" name=\"franja-horaria[]\" value=\"Por la ma\u00f1ana\" \/><span class=\"wpcf7-list-item-label\">Por la ma\u00f1ana<\/span><\/label><\/span><span class=\"wpcf7-list-item\"><label><input type=\"checkbox\" name=\"franja-horaria[]\" value=\"Por la tarde\" \/><span class=\"wpcf7-list-item-label\">Por la tarde<\/span><\/label><\/span><span class=\"wpcf7-list-item last\"><label><input type=\"checkbox\" name=\"franja-horaria[]\" value=\"Por la noche\" \/><span class=\"wpcf7-list-item-label\">Por la noche<\/span><\/label><\/span><\/span><\/span>\n\t\t<\/p>\n\t<\/div>\n\t<div class=\"mvfit-field mvfit-field-full\">\n\t\t<p><label>Cu\u00e9ntanos algo m\u00e1s si lo deseas<\/label><br \/>\n<span class=\"wpcf7-form-control-wrap\" data-name=\"mensaje\"><textarea cols=\"40\" rows=\"10\" maxlength=\"2000\" class=\"wpcf7-form-control wpcf7-textarea\" aria-invalid=\"false\" placeholder=\"Si quieres, puedes indicarnos tu disponibilidad, tus dudas o cualquier detalle que creas importante.\" name=\"mensaje\"><\/textarea><\/span>\n\t\t<\/p>\n\t<\/div>\n\t<div class=\"mvfit-field mvfit-field-full mvfit-legal\">\n\t\t<p><span class=\"wpcf7-form-control-wrap\" data-name=\"privacidad\"><span class=\"wpcf7-form-control wpcf7-acceptance\"><span class=\"wpcf7-list-item\"><label><input type=\"checkbox\" name=\"privacidad\" value=\"1\" aria-invalid=\"false\" \/><span class=\"wpcf7-list-item-label\">He le\u00eddo y acepto la <a href=\"\/en\/politica-de-privacidad\/\" target=\"_blank\">pol\u00edtica de privacidad<\/a>.<\/span><\/label><\/span><\/span><\/span>\n\t\t<\/p>\n\t<\/div>\n\t<div class=\"mvfit-field mvfit-field-full mvfit-legal\">\n\t\t<p><span class=\"wpcf7-form-control-wrap\" data-name=\"privacidad\"><span class=\"wpcf7-form-control wpcf7-acceptance\"><span class=\"wpcf7-list-item\"><label><input type=\"checkbox\" name=\"privacidad\" value=\"1\" aria-invalid=\"false\" \/><span class=\"wpcf7-list-item-label\">Acepto recibir informaci\u00f3n, novedades y promociones de Vilanova Fit por correo electr\u00f3nico.<\/span><\/label><\/span><\/span><\/span>\n\t\t<\/p>\n\t<\/div>\n\t<div class=\"mvfit-field mvfit-field-full\">\n\t\t<p><input class=\"wpcf7-form-control wpcf7-submit has-spinner\" type=\"submit\" value=\"Quiero mi entrevista\" \/>\n\t\t<\/p>\n\t<\/div>\n<\/div><div class=\"wpcf7-response-output\" aria-hidden=\"true\"><\/div>\n<input type=\"hidden\" name=\"trp-form-language\" value=\"en\"\/><\/form>\n<\/div>\n\t\t\t\t<\/div>\n\t\t\t\t<\/div>\n\t\t\t\t<div class=\"elementor-element elementor-element-f5ce526 sc_fly_static elementor-widget elementor-widget-heading\" data-id=\"f5ce526\" data-element_type=\"widget\" data-e-type=\"widget\" data-widget_type=\"heading.default\">\n\t\t\t\t<div class=\"elementor-widget-container\">\n\t\t\t\t\t<h2 class=\"elementor-heading-title elementor-size-default\">Tambi\u00e9n puedes encontrarnos en <\/h2>\t\t\t\t<\/div>\n\t\t\t\t<\/div>\n\t\t\t\t<div class=\"elementor-element elementor-element-8a8823c elementor-shape-circle elementor-grid-0 e-grid-align-center sc_fly_static elementor-widget elementor-widget-social-icons\" data-id=\"8a8823c\" data-element_type=\"widget\" data-e-type=\"widget\" data-widget_type=\"social-icons.default\">\n\t\t\t\t<div class=\"elementor-widget-container\">\n\t\t\t\t\t\t\t<div class=\"elementor-social-icons-wrapper elementor-grid\" role=\"list\">\n\t\t\t\t\t\t\t<span class=\"elementor-grid-item\" role=\"listitem\">\n\t\t\t\t\t<a class=\"elementor-icon elementor-social-icon elementor-social-icon-whatsapp elementor-repeater-item-dc000a6\" href=\"https:\/\/wa.me\/34690923615\" target=\"_blank\">\n\t\t\t\t\t\t<span class=\"elementor-screen-only\">Whatsapp<\/span>\n\t\t\t\t\t\t<i aria-hidden=\"true\" class=\"fab fa-whatsapp\"><\/i>\t\t\t\t\t<\/a>\n\t\t\t\t<\/span>\n\t\t\t\t\t\t\t<span class=\"elementor-grid-item\" role=\"listitem\">\n\t\t\t\t\t<a class=\"elementor-icon elementor-social-icon elementor-social-icon-instagram elementor-repeater-item-33e740c\" href=\"https:\/\/www.instagram.com\/vilanovafit\/\" target=\"_blank\">\n\t\t\t\t\t\t<span class=\"elementor-screen-only\">Instagram<\/span>\n\t\t\t\t\t\t<i aria-hidden=\"true\" class=\"fab fa-instagram\"><\/i>\t\t\t\t\t<\/a>\n\t\t\t\t<\/span>\n\t\t\t\t\t\t\t<span class=\"elementor-grid-item\" role=\"listitem\">\n\t\t\t\t\t<a class=\"elementor-icon elementor-social-icon elementor-social-icon-dribbble elementor-repeater-item-2a26910\" href=\"https:\/\/vilanova-fit.com\/en\/\" target=\"_blank\">\n\t\t\t\t\t\t<span class=\"elementor-screen-only\">Dribbble<\/span>\n\t\t\t\t\t\t<i aria-hidden=\"true\" class=\"fab fa-dribbble\"><\/i>\t\t\t\t\t<\/a>\n\t\t\t\t<\/span>\n\t\t\t\t\t<\/div>\n\t\t\t\t\t\t<\/div>\n\t\t\t\t<\/div>\n\t\t\t\t<div class=\"elementor-element elementor-element-1a0ca35 sc_fly_static elementor-widget elementor-widget-spacer\" data-id=\"1a0ca35\" data-element_type=\"widget\" data-e-type=\"widget\" data-widget_type=\"spacer.default\">\n\t\t\t\t<div class=\"elementor-widget-container\">\n\t\t\t\t\t\t\t<div class=\"elementor-spacer\">\n\t\t\t<div class=\"elementor-spacer-inner\"><\/div>\n\t\t<\/div>\n\t\t\t\t\t\t<\/div>\n\t\t\t\t<\/div>\n\t\t\t\t\t<\/div>\n\t\t<\/div>\n\t\t\t\t\t<\/div>\n\t\t<\/section>\n\t\t\t\t<section class=\"elementor-section elementor-top-section elementor-element elementor-element-b17b3ff elementor-section-full_width elementor-section-stretched elementor-section-height-default elementor-section-height-default sc_fly_static\" data-id=\"b17b3ff\" data-element_type=\"section\" data-e-type=\"section\" data-settings=\"{&quot;stretch_section&quot;:&quot;section-stretched&quot;}\">\n\t\t\t\t\t\t\t<div class=\"elementor-background-overlay\"><\/div>\n\t\t\t\t\t\t\t<div class=\"elementor-container elementor-column-gap-extended\">\n\t\t\t\t\t<div class=\"elementor-column elementor-col-100 elementor-top-column elementor-element elementor-element-c6ee308 sc_content_align_inherit sc_layouts_column_icons_position_left sc_fly_static\" data-id=\"c6ee308\" data-element_type=\"column\" data-e-type=\"column\">\n\t\t\t<div class=\"elementor-widget-wrap elementor-element-populated\">\n\t\t\t\t\t\t<div class=\"elementor-element elementor-element-17e3f02 sc_fly_static elementor-widget elementor-widget-text-editor\" data-id=\"17e3f02\" data-element_type=\"widget\" data-e-type=\"widget\" data-widget_type=\"text-editor.default\">\n\t\t\t\t<div class=\"elementor-widget-container\">\n\t\t\t\t\t\t\t\t\t<p><a href=\"https:\/\/vilanovafit.com\/\" target=\"_blank\" rel=\"noopener\">Vilanova Fit<\/a>\u00a0\u00a9 2026. <br \/>Todos los derechos reservados.\u00a0 \u00a0<br \/>Web maquetada por <a href=\"https:\/\/boixdesign.com\/\" target=\"_blank\" rel=\"noopener\">Boix Design<\/a><\/p>\t\t\t\t\t\t\t\t<\/div>\n\t\t\t\t<\/div>\n\t\t\t\t\t<\/div>\n\t\t<\/div>\n\t\t\t\t\t<\/div>\n\t\t<\/section>\n\t\t\t\t<\/div>","protected":false},"excerpt":{"rendered":"<p>Reserva tu primera entrevista en Vilanova Fit D\u00e9janos tus datos y te contactaremos para conocer tus objetivos y encontrar la mejor opci\u00f3n para ti. Nombre * Apellidos * Tel\u00e9fono *&hellip;<\/p>","protected":false},"author":1,"featured_media":0,"parent":0,"menu_order":0,"comment_status":"closed","ping_status":"closed","template":"elementor_canvas","meta":{"footnotes":""},"class_list":["post-43709","page","type-page","status-publish","hentry"],"_links":{"self":[{"href":"https:\/\/vilanova-fit.com\/en\/wp-json\/wp\/v2\/pages\/43709","targetHints":{"allow":["GET"]}}],"collection":[{"href":"https:\/\/vilanova-fit.com\/en\/wp-json\/wp\/v2\/pages"}],"about":[{"href":"https:\/\/vilanova-fit.com\/en\/wp-json\/wp\/v2\/types\/page"}],"author":[{"embeddable":true,"href":"https:\/\/vilanova-fit.com\/en\/wp-json\/wp\/v2\/users\/1"}],"replies":[{"embeddable":true,"href":"https:\/\/vilanova-fit.com\/en\/wp-json\/wp\/v2\/comments?post=43709"}],"version-history":[{"count":31,"href":"https:\/\/vilanova-fit.com\/en\/wp-json\/wp\/v2\/pages\/43709\/revisions"}],"predecessor-version":[{"id":43747,"href":"https:\/\/vilanova-fit.com\/en\/wp-json\/wp\/v2\/pages\/43709\/revisions\/43747"}],"wp:attachment":[{"href":"https:\/\/vilanova-fit.com\/en\/wp-json\/wp\/v2\/media?parent=43709"}],"curies":[{"name":"wp","href":"https:\/\/api.w.org\/{rel}","templated":true}]}}